{"id":72,"date":"2019-02-22T12:24:41","date_gmt":"2019-02-22T11:24:41","guid":{"rendered":"https:\/\/curryamschloss.de\/?page_id=72"},"modified":"2025-10-14T16:21:34","modified_gmt":"2025-10-14T14:21:34","slug":"datenschutzerklaerung-curry-am-schloss-dresden-offizielle-informationen-zum-datenschutz","status":"publish","type":"page","link":"https:\/\/curryamschloss.de\/en\/datenschutzerklaerung-curry-am-schloss-dresden-offizielle-informationen-zum-datenschutz\/","title":{"rendered":"Privacy Policy"},"content":{"rendered":"<div data-elementor-type=\"wp-page\" data-elementor-id=\"72\" class=\"elementor elementor-72\">\n\t\t\t\t<div class=\"elementor-element elementor-element-3f0c3fac e-flex e-con-boxed e-con e-parent\" data-id=\"3f0c3fac\" data-element_type=\"container\" data-e-type=\"container\">\n\t\t\t\t\t<div class=\"e-con-inner\">\n\t\t\t\t<div class=\"elementor-element elementor-element-1a9a2723 elementor-widget elementor-widget-text-editor\" data-id=\"1a9a2723\" data-element_type=\"widget\" data-e-type=\"widget\" data-widget_type=\"text-editor.default\">\n\t\t\t\t\t\t\t\t\t<h1 data-start=\"590\" data-end=\"612\">Privacy Policy<\/h1><h2 data-start=\"614\" data-end=\"636\">1. Controller<\/h2><p data-start=\"637\" data-end=\"765\">Curry am Schloss Dresden GmbH<br data-start=\"666\" data-end=\"669\" \/>Schlossstra\u00dfe 1<br data-start=\"684\" data-end=\"687\" \/>01067 Dresden<br data-start=\"700\" data-end=\"703\" \/>Email: <a class=\"decorated-link cursor-pointer\" rel=\"noopener\" data-start=\"711\" data-end=\"733\">rs@rfd-dd.de<\/a><br data-start=\"733\" data-end=\"736\" \/>Phone: +49 (0)351 40768888<\/p><p data-start=\"767\" data-end=\"827\">Represented by the Managing Director:<br data-start=\"805\" data-end=\"808\" \/>Kathrin von Canal<\/p><hr data-start=\"829\" data-end=\"832\" \/><h2 data-start=\"834\" data-end=\"873\">2. General Information on Data Processing<\/h2><p data-start=\"874\" data-end=\"1108\">We take the protection of your personal data very seriously. Your personal data is treated confidentially and in accordance with the statutory data protection regulations (GDPR, BDSG, TTDSG) as well as this privacy policy.<\/p><hr data-start=\"1110\" data-end=\"1113\" \/><h2 data-start=\"1115\" data-end=\"1152\">3. Access Data \/ Server Log Files<\/h2><p data-start=\"1153\" data-end=\"1336\">When you visit our website, our hosting provider automatically collects and stores information in so-called server log files that your browser automatically transmits to us. These are:<\/p><ul data-start=\"1337\" data-end=\"1502\"><li data-start=\"1337\" data-end=\"1370\"><p data-start=\"1339\" data-end=\"1370\">Browser type and version<\/p><\/li><li data-start=\"1371\" data-end=\"1401\"><p data-start=\"1373\" data-end=\"1401\">Operating system used<\/p><\/li><li data-start=\"1402\" data-end=\"1418\"><p data-start=\"1404\" data-end=\"1418\">Referrer URL<\/p><\/li><li data-start=\"1419\" data-end=\"1457\"><p data-start=\"1421\" data-end=\"1457\">Hostname of the accessing computer<\/p><\/li><li data-start=\"1458\" data-end=\"1487\"><p data-start=\"1460\" data-end=\"1487\">Time of the server request<\/p><\/li><li data-start=\"1488\" data-end=\"1502\"><p data-start=\"1490\" data-end=\"1502\">IP address<\/p><\/li><\/ul><p data-start=\"1504\" data-end=\"1588\">This data will not be merged with other data sources.<\/p><hr data-start=\"1590\" data-end=\"1593\" \/><h2 data-start=\"1595\" data-end=\"1625\">4. Cookies and Consent<\/h2><p data-start=\"1626\" data-end=\"1756\">Our website uses cookies. Cookies are small text files stored on your device. We distinguish between:<\/p><ul data-start=\"1757\" data-end=\"2107\"><li data-start=\"1757\" data-end=\"1897\"><p data-start=\"1759\" data-end=\"1897\" class=\"translation-block\"><strong data-start=\"1759\" data-end=\"1781\">Necessary cookies:<\/strong>  Required for the secure operation of the website (e.g. session cookies). These may be set without consent.<\/p><\/li><li data-start=\"1898\" data-end=\"2107\"><p data-start=\"1900\" data-end=\"2107\" class=\"translation-block\"><strong data-start=\"1900\" data-end=\"2000\">Analytics and marketing cookies(e.g. Google Analytics, Facebook\/Instagram plugins, Google Maps):<\/strong><strong data-start=\"2009\" data-end=\"2055\">These are only set after your explicit consent (\u00a7 25 TTDSG, Art. 6 (1) (a) GDPR).<\/strong><\/p><\/li><\/ul><p data-start=\"2109\" data-end=\"2186\">You can withdraw your consent at any time via our cookie banner.<\/p><hr data-start=\"2188\" data-end=\"2191\" \/><h2 data-start=\"2193\" data-end=\"2215\">5. Google Analytics<\/h2><p data-start=\"2216\" data-end=\"2356\">This website uses Google Analytics, a web analytics service provided by Google Ireland Limited (Gordon House, Barrow Street, Dublin 4, Ireland).<\/p><ul data-start=\"2358\" data-end=\"2912\"><li data-start=\"2358\" data-end=\"2425\"><p data-start=\"2360\" data-end=\"2425\" class=\"translation-block\"><strong data-start=\"2360\" data-end=\"2379\">Legal basis<\/strong>: Art. 6 (1) (a) GDPR (consent).<\/p><\/li><li data-start=\"2426\" data-end=\"2548\"><p data-start=\"2428\" data-end=\"2548\" class=\"translation-block\"><strong data-start=\"2428\" data-end=\"2449\">IP anonymization<\/strong>: We have activated IP anonymization so that your IP address is only processed in a shortened form.<\/p><\/li><li data-start=\"2549\" data-end=\"2738\"><p data-start=\"2551\" data-end=\"2738\" class=\"translation-block\"><strong data-start=\"2551\" data-end=\"2583\">Data transfer to the USA<\/strong>: Google LLC is certified under the EU\u2013US Data Privacy Framework (DPF), recognized by the European Commission as providing an adequate level of protection on July 10, 2023.<\/p><\/li><li data-start=\"2739\" data-end=\"2912\"><p data-start=\"2741\" data-end=\"2912\" class=\"translation-block\"><strong data-start=\"2741\" data-end=\"2753\">Withdrawal<\/strong>: You can withdraw your consent at any time via the cookie banner or prevent data collection by installing a browser add-on: <a class=\"decorated-link\" href=\"https:\/\/tools.google.com\/dlpage\/gaoptout\" target=\"_new\" rel=\"noopener\" data-start=\"2870\" data-end=\"2910\">https:\/\/tools.google.com\/dlpage\/gaoptout<\/a><\/p><\/li><\/ul><hr data-start=\"2914\" data-end=\"2917\" \/><h2 data-start=\"2919\" data-end=\"2936\">6. Google Maps<\/h2><p data-start=\"2937\" data-end=\"3177\" class=\"translation-block\">Our website integrates map material from Google Maps.\nProvider: Google Ireland Limited, Dublin, Ireland.<br data-start=\"3044\" data-end=\"3047\">\nWhen the map is displayed, data is transmitted to Google.\nLegal basis: <strong data-start=\"3129\" data-end=\"3145\">Your consent <\/strong> (Art. 6 (1) (a) GDPR).<\/p><hr data-start=\"3179\" data-end=\"3182\" \/><h2 data-start=\"3184\" data-end=\"3210\">7. Social Media Plugins<\/h2><p data-start=\"3211\" data-end=\"3277\">We use social media plugins (e.g. Facebook, Instagram).<\/p><h3 data-start=\"3279\" data-end=\"3291\">Facebook<\/h3><p data-start=\"3292\" data-end=\"3541\" class=\"translation-block\">Provider: Meta Platforms Ireland Ltd., Dublin, Ireland.<br data-start=\"3346\" data-end=\"3349\">\nIf you have given consent, Meta may receive data such as your IP address and user behavior.\nData transfers to the USA are based on the  <strong data-start=\"3505\" data-end=\"3538\">EU\u2013US Data Privacy Frameworks<\/strong>.<\/p><h3 data-start=\"3543\" data-end=\"3556\">Instagram<\/h3><p data-start=\"3557\" data-end=\"3645\" class=\"translation-block\">Provider: Meta Platforms Ireland Ltd., Dublin, Ireland.<br>\nThe same conditions apply as above.<\/p><hr data-start=\"3647\" data-end=\"3650\" \/><h2 data-start=\"3652\" data-end=\"3673\">8. Contact<\/h2><p data-start=\"3674\" data-end=\"4025\" class=\"translation-block\">If you contact us via the contact form, email, or telephone, the information you provide (including your contact details) will be stored for the purpose of processing your inquiry.\n\n<br data-start=\"3871\" data-end=\"3874\">Legal basis: Art. 6 (1) (b) GDPR (pre-contractual measures) or Art. 6 (1) (f) GDPR (legitimate interest in responding to inquiries).<\/p><hr data-start=\"4027\" data-end=\"4030\" \/><h2 data-start=\"4032\" data-end=\"4049\">9. Your Rights<\/h2><p data-start=\"4050\" data-end=\"4086\">You have the right to:<\/p><ul data-start=\"4087\" data-end=\"4361\"><li data-start=\"4087\" data-end=\"4115\"><p data-start=\"4089\" data-end=\"4115\">Access (Art. 15 GDPR)<\/p><\/li><li data-start=\"4116\" data-end=\"4148\"><p data-start=\"4118\" data-end=\"4148\">Rectification (Art. 16 GDPR)<\/p><\/li><li data-start=\"4149\" data-end=\"4177\"><p data-start=\"4151\" data-end=\"4177\">Erasure (Art. 17 GDPR)<\/p><\/li><li data-start=\"4178\" data-end=\"4228\"><p data-start=\"4180\" data-end=\"4228\">Restriction of processing (Art. 18 GDPR)<\/p><\/li><li data-start=\"4229\" data-end=\"4269\"><p data-start=\"4231\" data-end=\"4269\">Data portability (Art. 20 GDPR)<\/p><\/li><li data-start=\"4270\" data-end=\"4301\"><p data-start=\"4272\" data-end=\"4301\">Object to processing (Art. 21 GDPR)<\/p><\/li><li data-start=\"4302\" data-end=\"4361\"><p data-start=\"4304\" data-end=\"4361\">Withdraw consent (Art. 7 (3) GDPR)<\/p><\/li><\/ul><p data-start=\"4363\" data-end=\"4485\">You also have the right to lodge a complaint with a supervisory authority, e.g. the Saxon Data Protection Commissioner.<\/p><hr data-start=\"4487\" data-end=\"4490\" \/><h2 data-start=\"4492\" data-end=\"4512\">10. Storage Period<\/h2><p data-start=\"4513\" data-end=\"4674\">We process personal data only as long as necessary for the respective purpose or as required by statutory retention periods.<\/p><hr data-start=\"4676\" data-end=\"4679\" \/><h2 data-start=\"4681\" data-end=\"4724\">11. Changes to This Privacy Policy<\/h2><p data-start=\"4725\" data-end=\"4908\">We reserve the right to amend this privacy policy in the future to ensure compliance with current legal requirements or to reflect changes to our services.<\/p>\t\t\t\t\t\t\t\t<\/div>\n\t\t\t\t\t<\/div>\n\t\t\t\t<\/div>\n\t\t\t\t<\/div>","protected":false},"excerpt":{"rendered":"<p>Datenschutzerkl\u00e4rung 1. Verantwortlicher Curry am Schloss Dresden GmbHSchlossstra\u00dfe 101067 DresdenE-Mail: rs@rfd-dd.deTelefon: +49 (0)351 40768888 Vertreten durch die Gesch\u00e4ftsf\u00fchrerin:Kathrin von Canal 2. Allgemeines zur Datenverarbeitung Wir nehmen den Schutz Ihrer pers\u00f6nlichen Daten sehr ernst. Ihre personenbezogenen Daten werden vertraulich und entsprechend den gesetzlichen Datenschutzvorschriften (DSGVO, BDSG, TTDSG) sowie dieser Datenschutzerkl\u00e4rung verarbeitet. 3. Zugriffsdaten \/ Server-Logfiles Beim &hellip; <\/p>\n<p class=\"link-more\"><a href=\"https:\/\/curryamschloss.de\/en\/datenschutzerklaerung-curry-am-schloss-dresden-offizielle-informationen-zum-datenschutz\/\" class=\"more-link\">Continue reading<span class=\"screen-reader-text\"> &#8222;Datenschutz&#8220;<\/span><\/a><\/p>","protected":false},"author":2,"featured_media":0,"parent":0,"menu_order":0,"comment_status":"closed","ping_status":"closed","template":"","meta":{"footnotes":""},"class_list":["post-72","page","type-page","status-publish","hentry"],"yoast_head":"<!-- This site is optimized with the Yoast SEO plugin v27.5 - https:\/\/yoast.com\/product\/yoast-seo-wordpress\/ -->\n<title>Datenschutz - Curry am Schloss<\/title>\n<meta name=\"description\" content=\"Datenschutzerkl\u00e4rung Curry am Schloss Dresden \u2013 erfahren Sie alles zum Umgang mit Daten, Cookies und rechtlichen Hinweisen.\" \/>\n<meta name=\"robots\" content=\"index, follow, max-snippet:-1, max-image-preview:large, max-video-preview:-1\" \/>\n<link rel=\"canonical\" href=\"https:\/\/curryamschloss.de\/en\/datenschutzerklaerung-curry-am-schloss-dresden-offizielle-informationen-zum-datenschutz\/\" \/>\n<meta property=\"og:locale\" content=\"en_US\" \/>\n<meta property=\"og:type\" content=\"article\" \/>\n<meta property=\"og:title\" content=\"Datenschutz - Curry am Schloss\" \/>\n<meta property=\"og:description\" content=\"Datenschutzerkl\u00e4rung Curry am Schloss Dresden \u2013 erfahren Sie alles zum Umgang mit Daten, Cookies und rechtlichen Hinweisen.\" \/>\n<meta property=\"og:url\" content=\"https:\/\/curryamschloss.de\/en\/datenschutzerklaerung-curry-am-schloss-dresden-offizielle-informationen-zum-datenschutz\/\" \/>\n<meta property=\"og:site_name\" content=\"Curry am Schloss\" \/>\n<meta property=\"article:publisher\" content=\"https:\/\/www.facebook.com\/curryamschlossdresden\/\" \/>\n<meta property=\"article:modified_time\" content=\"2025-10-14T14:21:34+00:00\" \/>\n<meta name=\"twitter:card\" content=\"summary_large_image\" \/>\n<meta name=\"twitter:label1\" content=\"Est. reading time\" \/>\n\t<meta name=\"twitter:data1\" content=\"3 minutes\" \/>\n<script type=\"application\/ld+json\" class=\"yoast-schema-graph\">{\"@context\":\"https:\\\/\\\/schema.org\",\"@graph\":[{\"@type\":\"WebPage\",\"@id\":\"https:\\\/\\\/curryamschloss.de\\\/datenschutzerklaerung-curry-am-schloss-dresden-offizielle-informationen-zum-datenschutz\\\/\",\"url\":\"https:\\\/\\\/curryamschloss.de\\\/datenschutzerklaerung-curry-am-schloss-dresden-offizielle-informationen-zum-datenschutz\\\/\",\"name\":\"Datenschutz - Curry am Schloss\",\"isPartOf\":{\"@id\":\"https:\\\/\\\/curryamschloss.de\\\/#website\"},\"datePublished\":\"2019-02-22T11:24:41+00:00\",\"dateModified\":\"2025-10-14T14:21:34+00:00\",\"description\":\"Datenschutzerkl\u00e4rung Curry am Schloss Dresden \u2013 erfahren Sie alles zum Umgang mit Daten, Cookies und rechtlichen Hinweisen.\",\"breadcrumb\":{\"@id\":\"https:\\\/\\\/curryamschloss.de\\\/datenschutzerklaerung-curry-am-schloss-dresden-offizielle-informationen-zum-datenschutz\\\/#breadcrumb\"},\"inLanguage\":\"en-US\",\"potentialAction\":[{\"@type\":\"ReadAction\",\"target\":[\"https:\\\/\\\/curryamschloss.de\\\/datenschutzerklaerung-curry-am-schloss-dresden-offizielle-informationen-zum-datenschutz\\\/\"]}]},{\"@type\":\"BreadcrumbList\",\"@id\":\"https:\\\/\\\/curryamschloss.de\\\/datenschutzerklaerung-curry-am-schloss-dresden-offizielle-informationen-zum-datenschutz\\\/#breadcrumb\",\"itemListElement\":[{\"@type\":\"ListItem\",\"position\":1,\"name\":\"Startseite\",\"item\":\"https:\\\/\\\/curryamschloss.de\\\/\"},{\"@type\":\"ListItem\",\"position\":2,\"name\":\"Datenschutz\"}]},{\"@type\":\"WebSite\",\"@id\":\"https:\\\/\\\/curryamschloss.de\\\/#website\",\"url\":\"https:\\\/\\\/curryamschloss.de\\\/\",\"name\":\"Curry am Schloss\",\"description\":\"Die beliebteste Currywurst in Sachsens Hauptstadt!\",\"publisher\":{\"@id\":\"https:\\\/\\\/curryamschloss.de\\\/#organization\"},\"potentialAction\":[{\"@type\":\"SearchAction\",\"target\":{\"@type\":\"EntryPoint\",\"urlTemplate\":\"https:\\\/\\\/curryamschloss.de\\\/?s={search_term_string}\"},\"query-input\":{\"@type\":\"PropertyValueSpecification\",\"valueRequired\":true,\"valueName\":\"search_term_string\"}}],\"inLanguage\":\"en-US\"},{\"@type\":\"Organization\",\"@id\":\"https:\\\/\\\/curryamschloss.de\\\/#organization\",\"name\":\"Curry am Schloss\",\"url\":\"https:\\\/\\\/curryamschloss.de\\\/\",\"logo\":{\"@type\":\"ImageObject\",\"inLanguage\":\"en-US\",\"@id\":\"https:\\\/\\\/curryamschloss.de\\\/#\\\/schema\\\/logo\\\/image\\\/\",\"url\":\"https:\\\/\\\/curryamschloss.de\\\/wp-content\\\/uploads\\\/sites\\\/7\\\/2019\\\/02\\\/cropped-CaS-Logo.jpeg\",\"contentUrl\":\"https:\\\/\\\/curryamschloss.de\\\/wp-content\\\/uploads\\\/sites\\\/7\\\/2019\\\/02\\\/cropped-CaS-Logo.jpeg\",\"width\":250,\"height\":250,\"caption\":\"Curry am Schloss\"},\"image\":{\"@id\":\"https:\\\/\\\/curryamschloss.de\\\/#\\\/schema\\\/logo\\\/image\\\/\"},\"sameAs\":[\"https:\\\/\\\/www.facebook.com\\\/curryamschlossdresden\\\/\",\"https:\\\/\\\/www.instagram.com\\\/curryamschloss\\\/?hl=de\"]}]}<\/script>\n<!-- \/ Yoast SEO plugin. -->","yoast_head_json":{"title":"Datenschutz - Curry am Schloss","description":"Datenschutzerkl\u00e4rung Curry am Schloss Dresden \u2013 erfahren Sie alles zum Umgang mit Daten, Cookies und rechtlichen Hinweisen.","robots":{"index":"index","follow":"follow","max-snippet":"max-snippet:-1","max-image-preview":"max-image-preview:large","max-video-preview":"max-video-preview:-1"},"canonical":"https:\/\/curryamschloss.de\/en\/datenschutzerklaerung-curry-am-schloss-dresden-offizielle-informationen-zum-datenschutz\/","og_locale":"en_US","og_type":"article","og_title":"Datenschutz - Curry am Schloss","og_description":"Datenschutzerkl\u00e4rung Curry am Schloss Dresden \u2013 erfahren Sie alles zum Umgang mit Daten, Cookies und rechtlichen Hinweisen.","og_url":"https:\/\/curryamschloss.de\/en\/datenschutzerklaerung-curry-am-schloss-dresden-offizielle-informationen-zum-datenschutz\/","og_site_name":"Curry am Schloss","article_publisher":"https:\/\/www.facebook.com\/curryamschlossdresden\/","article_modified_time":"2025-10-14T14:21:34+00:00","twitter_card":"summary_large_image","twitter_misc":{"Est. reading time":"3 minutes"},"schema":{"@context":"https:\/\/schema.org","@graph":[{"@type":"WebPage","@id":"https:\/\/curryamschloss.de\/datenschutzerklaerung-curry-am-schloss-dresden-offizielle-informationen-zum-datenschutz\/","url":"https:\/\/curryamschloss.de\/datenschutzerklaerung-curry-am-schloss-dresden-offizielle-informationen-zum-datenschutz\/","name":"Datenschutz - Curry am Schloss","isPartOf":{"@id":"https:\/\/curryamschloss.de\/#website"},"datePublished":"2019-02-22T11:24:41+00:00","dateModified":"2025-10-14T14:21:34+00:00","description":"Datenschutzerkl\u00e4rung Curry am Schloss Dresden \u2013 erfahren Sie alles zum Umgang mit Daten, Cookies und rechtlichen Hinweisen.","breadcrumb":{"@id":"https:\/\/curryamschloss.de\/datenschutzerklaerung-curry-am-schloss-dresden-offizielle-informationen-zum-datenschutz\/#breadcrumb"},"inLanguage":"en-US","potentialAction":[{"@type":"ReadAction","target":["https:\/\/curryamschloss.de\/datenschutzerklaerung-curry-am-schloss-dresden-offizielle-informationen-zum-datenschutz\/"]}]},{"@type":"BreadcrumbList","@id":"https:\/\/curryamschloss.de\/datenschutzerklaerung-curry-am-schloss-dresden-offizielle-informationen-zum-datenschutz\/#breadcrumb","itemListElement":[{"@type":"ListItem","position":1,"name":"Startseite","item":"https:\/\/curryamschloss.de\/"},{"@type":"ListItem","position":2,"name":"Datenschutz"}]},{"@type":"WebSite","@id":"https:\/\/curryamschloss.de\/#website","url":"https:\/\/curryamschloss.de\/","name":"Curry am Schloss","description":"Saxony\u2019s favorite currywurst!","publisher":{"@id":"https:\/\/curryamschloss.de\/#organization"},"potentialAction":[{"@type":"SearchAction","target":{"@type":"EntryPoint","urlTemplate":"https:\/\/curryamschloss.de\/?s={search_term_string}"},"query-input":{"@type":"PropertyValueSpecification","valueRequired":true,"valueName":"search_term_string"}}],"inLanguage":"en-US"},{"@type":"Organization","@id":"https:\/\/curryamschloss.de\/#organization","name":"Curry am Schloss","url":"https:\/\/curryamschloss.de\/","logo":{"@type":"ImageObject","inLanguage":"en-US","@id":"https:\/\/curryamschloss.de\/#\/schema\/logo\/image\/","url":"https:\/\/curryamschloss.de\/wp-content\/uploads\/sites\/7\/2019\/02\/cropped-CaS-Logo.jpeg","contentUrl":"https:\/\/curryamschloss.de\/wp-content\/uploads\/sites\/7\/2019\/02\/cropped-CaS-Logo.jpeg","width":250,"height":250,"caption":"Curry am Schloss"},"image":{"@id":"https:\/\/curryamschloss.de\/#\/schema\/logo\/image\/"},"sameAs":["https:\/\/www.facebook.com\/curryamschlossdresden\/","https:\/\/www.instagram.com\/curryamschloss\/?hl=de"]}]}},"_links":{"self":[{"href":"https:\/\/curryamschloss.de\/en\/wp-json\/wp\/v2\/pages\/72","targetHints":{"allow":["GET"]}}],"collection":[{"href":"https:\/\/curryamschloss.de\/en\/wp-json\/wp\/v2\/pages"}],"about":[{"href":"https:\/\/curryamschloss.de\/en\/wp-json\/wp\/v2\/types\/page"}],"author":[{"embeddable":true,"href":"https:\/\/curryamschloss.de\/en\/wp-json\/wp\/v2\/users\/2"}],"replies":[{"embeddable":true,"href":"https:\/\/curryamschloss.de\/en\/wp-json\/wp\/v2\/comments?post=72"}],"version-history":[{"count":9,"href":"https:\/\/curryamschloss.de\/en\/wp-json\/wp\/v2\/pages\/72\/revisions"}],"predecessor-version":[{"id":729,"href":"https:\/\/curryamschloss.de\/en\/wp-json\/wp\/v2\/pages\/72\/revisions\/729"}],"wp:attachment":[{"href":"https:\/\/curryamschloss.de\/en\/wp-json\/wp\/v2\/media?parent=72"}],"curies":[{"name":"wp","href":"https:\/\/api.w.org\/{rel}","templated":true}]}}