{"id":276,"date":"2025-10-03T23:37:47","date_gmt":"2025-10-03T21:37:47","guid":{"rendered":"https:\/\/curryamschloss.de\/?page_id=276"},"modified":"2025-10-14T16:39:16","modified_gmt":"2025-10-14T14:39:16","slug":"impressum-curry-am-schloss-dresden-rechtliche-angaben-kontakt","status":"publish","type":"page","link":"https:\/\/curryamschloss.de\/en\/impressum-curry-am-schloss-dresden-rechtliche-angaben-kontakt\/","title":{"rendered":"Imprint"},"content":{"rendered":"<div data-elementor-type=\"wp-page\" data-elementor-id=\"276\" class=\"elementor elementor-276\">\n\t\t\t\t<div class=\"elementor-element elementor-element-ecf2ccc e-flex e-con-boxed e-con e-parent\" data-id=\"ecf2ccc\" data-element_type=\"container\" data-e-type=\"container\">\n\t\t\t\t\t<div class=\"e-con-inner\">\n\t\t\t\t<div class=\"elementor-element elementor-element-fad3d48 elementor-widget elementor-widget-text-editor\" data-id=\"fad3d48\" data-element_type=\"widget\" data-e-type=\"widget\" data-widget_type=\"text-editor.default\">\n\t\t\t\t\t\t\t\t\t<p style=\"text-align: center;\"><strong>Curry am Schloss Dresden GmbH<\/strong><br \/><strong>Schlossstra\u00dfe 1<\/strong><br \/><strong>01067 Dresden<\/strong><\/p><p style=\"text-align: center;\" class=\"translation-block\">Phone: +49 (0)351 40768888<br>Email: rs@rfd-dd.de<\/p><p style=\"text-align: center;\">Represented by the Managing Director: <br \/>Kathrin von Canal<\/p><p style=\"text-align: center;\" class=\"translation-block\">Register Court: Local Court of Dresden<br>\nCommercial Register Number: HRB 35802<\/p><p style=\"text-align: center;\" class=\"translation-block\">VAT Identification Number pursuant to \u00a727 a German VAT Act:<br>\nDE 308647066<\/p><p style=\"text-align: center;\">Responsible for content pursuant to \u00a7 55 (2) RStV: <br \/>Kathrin von Canal, Schlossstra\u00dfe 1, 01067 Dresden<\/p><p style=\"text-align: center;\">We are neither willing nor obliged to participate in dispute resolution proceedings before a consumer arbitration board.<\/p>\t\t\t\t\t\t\t\t<\/div>\n\t\t\t\t\t<\/div>\n\t\t\t\t<\/div>\n\t\t\t\t<\/div>","protected":false},"excerpt":{"rendered":"<p>Curry am Schloss Dresden GmbHSchlossstra\u00dfe 101067 Dresden Telefon: +49 (0)351 40768888E-Mail: rs@rfd-dd.de Vertreten durch die Gesch\u00e4ftsf\u00fchrerin: Kathrin von Canal Registergericht: Amtsgericht Dresden Handelsregisternummer: HRB 35802 Umsatzsteuer-Identifikationsnummer gem\u00e4\u00df \u00a727 a Umsatzsteuergesetz: DE 308647066 Verantwortlich f\u00fcr den Inhalt nach \u00a7 55 Abs. 2 RStV: Kathrin von Canal, Schlossstra\u00dfe 1, 01067 Dresden Wir sind nicht bereit oder verpflichtet, &hellip; <\/p>\n<p class=\"link-more\"><a href=\"https:\/\/curryamschloss.de\/en\/impressum-curry-am-schloss-dresden-rechtliche-angaben-kontakt\/\" class=\"more-link\">Continue reading<span class=\"screen-reader-text\"> &#8222;Impressum&#8220;<\/span><\/a><\/p>","protected":false},"author":5,"featured_media":0,"parent":0,"menu_order":0,"comment_status":"closed","ping_status":"closed","template":"","meta":{"footnotes":""},"class_list":["post-276","page","type-page","status-publish","hentry"],"yoast_head":"<!-- This site is optimized with the Yoast SEO plugin v27.5 - https:\/\/yoast.com\/product\/yoast-seo-wordpress\/ -->\n<title>Impressum - Curry am Schloss<\/title>\n<meta name=\"description\" content=\"Impressum Curry am Schloss Dresden \u2013 alle rechtlichen Informationen und Kontaktdaten gem\u00e4\u00df \u00a7 5 TMG im \u00dcberblick.\" \/>\n<meta name=\"robots\" content=\"index, follow, max-snippet:-1, max-image-preview:large, max-video-preview:-1\" \/>\n<link rel=\"canonical\" href=\"https:\/\/curryamschloss.de\/en\/impressum-curry-am-schloss-dresden-rechtliche-angaben-kontakt\/\" \/>\n<meta property=\"og:locale\" content=\"en_US\" \/>\n<meta property=\"og:type\" content=\"article\" \/>\n<meta property=\"og:title\" content=\"Impressum - Curry am Schloss\" \/>\n<meta property=\"og:description\" content=\"Impressum Curry am Schloss Dresden \u2013 alle rechtlichen Informationen und Kontaktdaten gem\u00e4\u00df \u00a7 5 TMG im \u00dcberblick.\" \/>\n<meta property=\"og:url\" content=\"https:\/\/curryamschloss.de\/en\/impressum-curry-am-schloss-dresden-rechtliche-angaben-kontakt\/\" \/>\n<meta property=\"og:site_name\" content=\"Curry am Schloss\" \/>\n<meta property=\"article:publisher\" content=\"https:\/\/www.facebook.com\/curryamschlossdresden\/\" \/>\n<meta property=\"article:modified_time\" content=\"2025-10-14T14:39:16+00:00\" \/>\n<meta name=\"twitter:card\" content=\"summary_large_image\" \/>\n<meta name=\"twitter:label1\" content=\"Est. reading time\" \/>\n\t<meta name=\"twitter:data1\" content=\"1 minute\" \/>\n<script type=\"application\/ld+json\" class=\"yoast-schema-graph\">{\"@context\":\"https:\\\/\\\/schema.org\",\"@graph\":[{\"@type\":\"WebPage\",\"@id\":\"https:\\\/\\\/curryamschloss.de\\\/impressum-curry-am-schloss-dresden-rechtliche-angaben-kontakt\\\/\",\"url\":\"https:\\\/\\\/curryamschloss.de\\\/impressum-curry-am-schloss-dresden-rechtliche-angaben-kontakt\\\/\",\"name\":\"Impressum - Curry am Schloss\",\"isPartOf\":{\"@id\":\"https:\\\/\\\/curryamschloss.de\\\/#website\"},\"datePublished\":\"2025-10-03T21:37:47+00:00\",\"dateModified\":\"2025-10-14T14:39:16+00:00\",\"description\":\"Impressum Curry am Schloss Dresden \u2013 alle rechtlichen Informationen und Kontaktdaten gem\u00e4\u00df \u00a7 5 TMG im \u00dcberblick.\",\"breadcrumb\":{\"@id\":\"https:\\\/\\\/curryamschloss.de\\\/impressum-curry-am-schloss-dresden-rechtliche-angaben-kontakt\\\/#breadcrumb\"},\"inLanguage\":\"en-US\",\"potentialAction\":[{\"@type\":\"ReadAction\",\"target\":[\"https:\\\/\\\/curryamschloss.de\\\/impressum-curry-am-schloss-dresden-rechtliche-angaben-kontakt\\\/\"]}]},{\"@type\":\"BreadcrumbList\",\"@id\":\"https:\\\/\\\/curryamschloss.de\\\/impressum-curry-am-schloss-dresden-rechtliche-angaben-kontakt\\\/#breadcrumb\",\"itemListElement\":[{\"@type\":\"ListItem\",\"position\":1,\"name\":\"Startseite\",\"item\":\"https:\\\/\\\/curryamschloss.de\\\/\"},{\"@type\":\"ListItem\",\"position\":2,\"name\":\"Impressum\"}]},{\"@type\":\"WebSite\",\"@id\":\"https:\\\/\\\/curryamschloss.de\\\/#website\",\"url\":\"https:\\\/\\\/curryamschloss.de\\\/\",\"name\":\"Curry am Schloss\",\"description\":\"Die beliebteste Currywurst in Sachsens Hauptstadt!\",\"publisher\":{\"@id\":\"https:\\\/\\\/curryamschloss.de\\\/#organization\"},\"potentialAction\":[{\"@type\":\"SearchAction\",\"target\":{\"@type\":\"EntryPoint\",\"urlTemplate\":\"https:\\\/\\\/curryamschloss.de\\\/?s={search_term_string}\"},\"query-input\":{\"@type\":\"PropertyValueSpecification\",\"valueRequired\":true,\"valueName\":\"search_term_string\"}}],\"inLanguage\":\"en-US\"},{\"@type\":\"Organization\",\"@id\":\"https:\\\/\\\/curryamschloss.de\\\/#organization\",\"name\":\"Curry am Schloss\",\"url\":\"https:\\\/\\\/curryamschloss.de\\\/\",\"logo\":{\"@type\":\"ImageObject\",\"inLanguage\":\"en-US\",\"@id\":\"https:\\\/\\\/curryamschloss.de\\\/#\\\/schema\\\/logo\\\/image\\\/\",\"url\":\"https:\\\/\\\/curryamschloss.de\\\/wp-content\\\/uploads\\\/sites\\\/7\\\/2019\\\/02\\\/cropped-CaS-Logo.jpeg\",\"contentUrl\":\"https:\\\/\\\/curryamschloss.de\\\/wp-content\\\/uploads\\\/sites\\\/7\\\/2019\\\/02\\\/cropped-CaS-Logo.jpeg\",\"width\":250,\"height\":250,\"caption\":\"Curry am Schloss\"},\"image\":{\"@id\":\"https:\\\/\\\/curryamschloss.de\\\/#\\\/schema\\\/logo\\\/image\\\/\"},\"sameAs\":[\"https:\\\/\\\/www.facebook.com\\\/curryamschlossdresden\\\/\",\"https:\\\/\\\/www.instagram.com\\\/curryamschloss\\\/?hl=de\"]}]}<\/script>\n<!-- \/ Yoast SEO plugin. -->","yoast_head_json":{"title":"Impressum - Curry am Schloss","description":"Impressum Curry am Schloss Dresden \u2013 alle rechtlichen Informationen und Kontaktdaten gem\u00e4\u00df \u00a7 5 TMG im \u00dcberblick.","robots":{"index":"index","follow":"follow","max-snippet":"max-snippet:-1","max-image-preview":"max-image-preview:large","max-video-preview":"max-video-preview:-1"},"canonical":"https:\/\/curryamschloss.de\/en\/impressum-curry-am-schloss-dresden-rechtliche-angaben-kontakt\/","og_locale":"en_US","og_type":"article","og_title":"Impressum - Curry am Schloss","og_description":"Impressum Curry am Schloss Dresden \u2013 alle rechtlichen Informationen und Kontaktdaten gem\u00e4\u00df \u00a7 5 TMG im \u00dcberblick.","og_url":"https:\/\/curryamschloss.de\/en\/impressum-curry-am-schloss-dresden-rechtliche-angaben-kontakt\/","og_site_name":"Curry am Schloss","article_publisher":"https:\/\/www.facebook.com\/curryamschlossdresden\/","article_modified_time":"2025-10-14T14:39:16+00:00","twitter_card":"summary_large_image","twitter_misc":{"Est. reading time":"1 minute"},"schema":{"@context":"https:\/\/schema.org","@graph":[{"@type":"WebPage","@id":"https:\/\/curryamschloss.de\/impressum-curry-am-schloss-dresden-rechtliche-angaben-kontakt\/","url":"https:\/\/curryamschloss.de\/impressum-curry-am-schloss-dresden-rechtliche-angaben-kontakt\/","name":"Impressum - Curry am Schloss","isPartOf":{"@id":"https:\/\/curryamschloss.de\/#website"},"datePublished":"2025-10-03T21:37:47+00:00","dateModified":"2025-10-14T14:39:16+00:00","description":"Impressum Curry am Schloss Dresden \u2013 alle rechtlichen Informationen und Kontaktdaten gem\u00e4\u00df \u00a7 5 TMG im \u00dcberblick.","breadcrumb":{"@id":"https:\/\/curryamschloss.de\/impressum-curry-am-schloss-dresden-rechtliche-angaben-kontakt\/#breadcrumb"},"inLanguage":"en-US","potentialAction":[{"@type":"ReadAction","target":["https:\/\/curryamschloss.de\/impressum-curry-am-schloss-dresden-rechtliche-angaben-kontakt\/"]}]},{"@type":"BreadcrumbList","@id":"https:\/\/curryamschloss.de\/impressum-curry-am-schloss-dresden-rechtliche-angaben-kontakt\/#breadcrumb","itemListElement":[{"@type":"ListItem","position":1,"name":"Startseite","item":"https:\/\/curryamschloss.de\/"},{"@type":"ListItem","position":2,"name":"Impressum"}]},{"@type":"WebSite","@id":"https:\/\/curryamschloss.de\/#website","url":"https:\/\/curryamschloss.de\/","name":"Curry am Schloss","description":"Saxony\u2019s favorite currywurst!","publisher":{"@id":"https:\/\/curryamschloss.de\/#organization"},"potentialAction":[{"@type":"SearchAction","target":{"@type":"EntryPoint","urlTemplate":"https:\/\/curryamschloss.de\/?s={search_term_string}"},"query-input":{"@type":"PropertyValueSpecification","valueRequired":true,"valueName":"search_term_string"}}],"inLanguage":"en-US"},{"@type":"Organization","@id":"https:\/\/curryamschloss.de\/#organization","name":"Curry am Schloss","url":"https:\/\/curryamschloss.de\/","logo":{"@type":"ImageObject","inLanguage":"en-US","@id":"https:\/\/curryamschloss.de\/#\/schema\/logo\/image\/","url":"https:\/\/curryamschloss.de\/wp-content\/uploads\/sites\/7\/2019\/02\/cropped-CaS-Logo.jpeg","contentUrl":"https:\/\/curryamschloss.de\/wp-content\/uploads\/sites\/7\/2019\/02\/cropped-CaS-Logo.jpeg","width":250,"height":250,"caption":"Curry am Schloss"},"image":{"@id":"https:\/\/curryamschloss.de\/#\/schema\/logo\/image\/"},"sameAs":["https:\/\/www.facebook.com\/curryamschlossdresden\/","https:\/\/www.instagram.com\/curryamschloss\/?hl=de"]}]}},"_links":{"self":[{"href":"https:\/\/curryamschloss.de\/en\/wp-json\/wp\/v2\/pages\/276","targetHints":{"allow":["GET"]}}],"collection":[{"href":"https:\/\/curryamschloss.de\/en\/wp-json\/wp\/v2\/pages"}],"about":[{"href":"https:\/\/curryamschloss.de\/en\/wp-json\/wp\/v2\/types\/page"}],"author":[{"embeddable":true,"href":"https:\/\/curryamschloss.de\/en\/wp-json\/wp\/v2\/users\/5"}],"replies":[{"embeddable":true,"href":"https:\/\/curryamschloss.de\/en\/wp-json\/wp\/v2\/comments?post=276"}],"version-history":[{"count":10,"href":"https:\/\/curryamschloss.de\/en\/wp-json\/wp\/v2\/pages\/276\/revisions"}],"predecessor-version":[{"id":726,"href":"https:\/\/curryamschloss.de\/en\/wp-json\/wp\/v2\/pages\/276\/revisions\/726"}],"wp:attachment":[{"href":"https:\/\/curryamschloss.de\/en\/wp-json\/wp\/v2\/media?parent=276"}],"curies":[{"name":"wp","href":"https:\/\/api.w.org\/{rel}","templated":true}]}}